{"id":153,"date":"2026-03-10T18:44:13","date_gmt":"2026-03-10T18:44:13","guid":{"rendered":"https:\/\/www.pharmemin.com\/?page_id=153"},"modified":"2026-03-10T18:44:14","modified_gmt":"2026-03-10T18:44:14","slug":"epimedium","status":"publish","type":"page","link":"https:\/\/www.pharmemin.com\/index.php\/epimedium\/","title":{"rendered":"EPIMEDIUM"},"content":{"rendered":"\n\n\n<p>Bitkisel i\u00e7erikler ve g\u00fc\u00e7l\u00fc besin bile\u015fenleriyle zenginle\u015ftirilen \u00f6zel form\u00fcl, g\u00fcnl\u00fck enerjini ve zihinsel performans\u0131n\u0131 desteklemek i\u00e7in geli\u015ftirildi. Epimedium, Maca k\u00f6k\u00fc ve adaptogen bitkilerin birle\u015fimiyle hem fiziksel hem zihinsel dayan\u0131kl\u0131l\u0131\u011fa katk\u0131 sa\u011flar.<\/p>\n\n\n\n<p>\ud83c\udf31 Epimedium &amp; Maca (Lepidium) ile do\u011fal performans ve canl\u0131l\u0131k deste\u011fi<br>\ud83c\udf31 L-Arginin &amp; N-Asetil Karnitin ile enerji metabolizmas\u0131na katk\u0131<br>\ud83c\udf31 Ginkgo &amp; Rhodiola ile odaklanma ve zihinsel dayan\u0131kl\u0131l\u0131k deste\u011fi<br>\ud83c\udf31 Astaksantin, Vitamin E ve \u00c7inko ile g\u00fc\u00e7l\u00fc antioksidan koruma<br>\ud83c\udf31 Vitamin D3 ile hormonal dengeye katk\u0131<\/p>\n\n\n\n<p>G\u00fcn\u00fcn temposunda kendini daha g\u00fc\u00e7l\u00fc, daha enerjik ve daha dengede hisset.<\/p>\n\n\n\n<p>\ud83d\udc8a60 Kaps\u00fcl<\/p>\n\n\n\n<p>FDA \u2013 GMP \u2013 HACCP Standartlar\u0131nda \u00dcretim<\/p>\n","protected":false},"excerpt":{"rendered":"<p>Bitkisel i\u00e7erikler ve g\u00fc\u00e7l\u00fc besin bile\u015fenleriyle zenginle\u015ftirilen \u00f6zel form\u00fcl, g\u00fcnl\u00fck enerjini ve zihinsel performans\u0131n\u0131 desteklemek i\u00e7in geli\u015ftirildi. Epimedium, Maca k\u00f6k\u00fc ve adaptogen bitkilerin birle\u015fimiyle hem fiziksel hem zihinsel dayan\u0131kl\u0131l\u0131\u011fa katk\u0131 sa\u011flar. \ud83c\udf31 Epimedium &amp; Maca (Lepidium) ile do\u011fal performans ve canl\u0131l\u0131k deste\u011fi\ud83c\udf31 L-Arginin &amp; N-Asetil Karnitin ile enerji metabolizmas\u0131na katk\u0131\ud83c\udf31 Ginkgo &amp; Rhodiola ile odaklanma [&hellip;]<\/p>\n","protected":false},"author":1,"featured_media":0,"parent":0,"menu_order":0,"comment_status":"closed","ping_status":"closed","template":"","meta":{"saved_in_kubio":false,"footnotes":""},"class_list":["post-153","page","type-page","status-publish","hentry"],"kubio_ai_page_context":{"short_desc":"","purpose":"general"},"_links":{"self":[{"href":"https:\/\/www.pharmemin.com\/index.php\/wp-json\/wp\/v2\/pages\/153","targetHints":{"allow":["GET"]}}],"collection":[{"href":"https:\/\/www.pharmemin.com\/index.php\/wp-json\/wp\/v2\/pages"}],"about":[{"href":"https:\/\/www.pharmemin.com\/index.php\/wp-json\/wp\/v2\/types\/page"}],"author":[{"embeddable":true,"href":"https:\/\/www.pharmemin.com\/index.php\/wp-json\/wp\/v2\/users\/1"}],"replies":[{"embeddable":true,"href":"https:\/\/www.pharmemin.com\/index.php\/wp-json\/wp\/v2\/comments?post=153"}],"version-history":[{"count":1,"href":"https:\/\/www.pharmemin.com\/index.php\/wp-json\/wp\/v2\/pages\/153\/revisions"}],"predecessor-version":[{"id":154,"href":"https:\/\/www.pharmemin.com\/index.php\/wp-json\/wp\/v2\/pages\/153\/revisions\/154"}],"wp:attachment":[{"href":"https:\/\/www.pharmemin.com\/index.php\/wp-json\/wp\/v2\/media?parent=153"}],"curies":[{"name":"wp","href":"https:\/\/api.w.org\/{rel}","templated":true}]}}