{"id":156,"date":"2026-03-10T18:45:15","date_gmt":"2026-03-10T18:45:15","guid":{"rendered":"https:\/\/www.pharmemin.com\/?page_id=156"},"modified":"2026-03-10T18:45:16","modified_gmt":"2026-03-10T18:45:16","slug":"glucosemine","status":"publish","type":"page","link":"https:\/\/www.pharmemin.com\/index.php\/glucosemine\/","title":{"rendered":"GLUCOSEMINE"},"content":{"rendered":"\n\n\n<p>Eklem, k\u0131k\u0131rdak ve ba\u011f dokusu sa\u011fl\u0131\u011f\u0131n\u0131 desteklemek i\u00e7in geli\u015ftirilen g\u00fc\u00e7l\u00fc form\u00fcl: Glucosamine Hyalur C3 Complex \ud83d\udc8a<\/p>\n\n\n\n<p>G\u00fcnl\u00fck ya\u015famda daha rahat hareket etmek, eklemlerini korumak ve ya\u015fam kaliteni y\u00fckseltmek art\u0131k \u00e7ok daha kolay.<\/p>\n\n\n\n<p>\ud83c\udf31 Glukozamin &amp; Kondroitin eklem yap\u0131s\u0131n\u0131 destekler, k\u0131k\u0131rdak dokusunun korunmas\u0131na yard\u0131mc\u0131 olur.<br>\ud83c\udf31 Curcumin C3, MSM ve Boswellia do\u011fal anti-inflamatuar etkileriyle eklem rahats\u0131zl\u0131klar\u0131n\u0131n azalmas\u0131na destek sa\u011flar.<br>\ud83c\udf31 Hyaluronik Asit eklem s\u0131v\u0131s\u0131n\u0131 destekleyerek hareket konforunu art\u0131r\u0131r.<br>\ud83c\udf31 Karabiber ekstresi i\u00e7eriklerin v\u00fccut taraf\u0131ndan daha iyi emilmesine yard\u0131mc\u0131 olur.<\/p>\n\n\n\n<p>\ud83d\udc8a 120 Kaps\u00fcl<br>\u2705 FDA \u2013 GMP \u2013 HACCP \u2013 Helal Sertifikal\u0131<\/p>\n\n\n\n<p>Eklemlerine iyi bak, hareketin keyfini yeniden ya\u015fa.<\/p>\n","protected":false},"excerpt":{"rendered":"<p>Eklem, k\u0131k\u0131rdak ve ba\u011f dokusu sa\u011fl\u0131\u011f\u0131n\u0131 desteklemek i\u00e7in geli\u015ftirilen g\u00fc\u00e7l\u00fc form\u00fcl: Glucosamine Hyalur C3 Complex \ud83d\udc8a G\u00fcnl\u00fck ya\u015famda daha rahat hareket etmek, eklemlerini korumak ve ya\u015fam kaliteni y\u00fckseltmek art\u0131k \u00e7ok daha kolay. \ud83c\udf31 Glukozamin &amp; Kondroitin eklem yap\u0131s\u0131n\u0131 destekler, k\u0131k\u0131rdak dokusunun korunmas\u0131na yard\u0131mc\u0131 olur.\ud83c\udf31 Curcumin C3, MSM ve Boswellia do\u011fal anti-inflamatuar etkileriyle eklem rahats\u0131zl\u0131klar\u0131n\u0131n azalmas\u0131na [&hellip;]<\/p>\n","protected":false},"author":1,"featured_media":0,"parent":0,"menu_order":0,"comment_status":"closed","ping_status":"closed","template":"","meta":{"saved_in_kubio":false,"footnotes":""},"class_list":["post-156","page","type-page","status-publish","hentry"],"kubio_ai_page_context":{"short_desc":"","purpose":"general"},"_links":{"self":[{"href":"https:\/\/www.pharmemin.com\/index.php\/wp-json\/wp\/v2\/pages\/156","targetHints":{"allow":["GET"]}}],"collection":[{"href":"https:\/\/www.pharmemin.com\/index.php\/wp-json\/wp\/v2\/pages"}],"about":[{"href":"https:\/\/www.pharmemin.com\/index.php\/wp-json\/wp\/v2\/types\/page"}],"author":[{"embeddable":true,"href":"https:\/\/www.pharmemin.com\/index.php\/wp-json\/wp\/v2\/users\/1"}],"replies":[{"embeddable":true,"href":"https:\/\/www.pharmemin.com\/index.php\/wp-json\/wp\/v2\/comments?post=156"}],"version-history":[{"count":1,"href":"https:\/\/www.pharmemin.com\/index.php\/wp-json\/wp\/v2\/pages\/156\/revisions"}],"predecessor-version":[{"id":157,"href":"https:\/\/www.pharmemin.com\/index.php\/wp-json\/wp\/v2\/pages\/156\/revisions\/157"}],"wp:attachment":[{"href":"https:\/\/www.pharmemin.com\/index.php\/wp-json\/wp\/v2\/media?parent=156"}],"curies":[{"name":"wp","href":"https:\/\/api.w.org\/{rel}","templated":true}]}}