{"id":159,"date":"2026-03-10T18:46:42","date_gmt":"2026-03-10T18:46:42","guid":{"rendered":"https:\/\/www.pharmemin.com\/?page_id=159"},"modified":"2026-03-10T18:46:44","modified_gmt":"2026-03-10T18:46:44","slug":"h47","status":"publish","type":"page","link":"https:\/\/www.pharmemin.com\/index.php\/h47\/","title":{"rendered":"H47"},"content":{"rendered":"\n\n\n<p>V\u00fccudun do\u011fal dengesini desteklemek ve g\u00fcnl\u00fck enerjini art\u0131rmaya yard\u0131mc\u0131 olmak i\u00e7in geli\u015ftirilen \u00f6zel bitkisel form\u00fcl: H47<\/p>\n\n\n\n<p>\u0130ncir ve zeytin yapra\u011f\u0131n\u0131n g\u00fc\u00e7l\u00fc i\u00e7eri\u011fiyle sindirim sistemine katk\u0131 sa\u011flar, h\u00fccresel yenilenme ve enerji \u00fcretimini destekler. G\u00fcnl\u00fck ya\u015fam\u0131n temposunda hem zihinsel hem de fiziksel performans\u0131n\u0131 desteklemeye yard\u0131mc\u0131 olur.<\/p>\n\n\n\n<p>\ud83c\udf31 \u0130ncir Meyvesi Ekstresi (700 mg) ile sindirim ve do\u011fal enerji deste\u011fi<br>\ud83c\udf31 Zeytin Yapra\u011f\u0131 Ekstresi (700 mg) ile metabolik denge ve ba\u011f\u0131\u015f\u0131kl\u0131k katk\u0131s\u0131<br>\ud83c\udf31 Astaksantin (500 \u00b5g) ile g\u00fc\u00e7l\u00fc antioksidan koruma<\/p>\n\n\n\n<p>\ud83c\udf31 Do\u011fan\u0131n g\u00fcc\u00fcyle kendini daha enerjik ve dengede hisset.<\/p>\n\n\n\n<p>\ud83c\udf31 Do\u011fal \u2013 G\u00fcvenli \u2013 Etkili<\/p>\n\n\n\n<p>\ud83d\udc8a60 Kaps\u00fcl<\/p>\n","protected":false},"excerpt":{"rendered":"<p>V\u00fccudun do\u011fal dengesini desteklemek ve g\u00fcnl\u00fck enerjini art\u0131rmaya yard\u0131mc\u0131 olmak i\u00e7in geli\u015ftirilen \u00f6zel bitkisel form\u00fcl: H47 \u0130ncir ve zeytin yapra\u011f\u0131n\u0131n g\u00fc\u00e7l\u00fc i\u00e7eri\u011fiyle sindirim sistemine katk\u0131 sa\u011flar, h\u00fccresel yenilenme ve enerji \u00fcretimini destekler. G\u00fcnl\u00fck ya\u015fam\u0131n temposunda hem zihinsel hem de fiziksel performans\u0131n\u0131 desteklemeye yard\u0131mc\u0131 olur. \ud83c\udf31 \u0130ncir Meyvesi Ekstresi (700 mg) ile sindirim ve do\u011fal enerji [&hellip;]<\/p>\n","protected":false},"author":1,"featured_media":0,"parent":0,"menu_order":0,"comment_status":"closed","ping_status":"closed","template":"","meta":{"saved_in_kubio":false,"footnotes":""},"class_list":["post-159","page","type-page","status-publish","hentry"],"kubio_ai_page_context":{"short_desc":"","purpose":"general"},"_links":{"self":[{"href":"https:\/\/www.pharmemin.com\/index.php\/wp-json\/wp\/v2\/pages\/159","targetHints":{"allow":["GET"]}}],"collection":[{"href":"https:\/\/www.pharmemin.com\/index.php\/wp-json\/wp\/v2\/pages"}],"about":[{"href":"https:\/\/www.pharmemin.com\/index.php\/wp-json\/wp\/v2\/types\/page"}],"author":[{"embeddable":true,"href":"https:\/\/www.pharmemin.com\/index.php\/wp-json\/wp\/v2\/users\/1"}],"replies":[{"embeddable":true,"href":"https:\/\/www.pharmemin.com\/index.php\/wp-json\/wp\/v2\/comments?post=159"}],"version-history":[{"count":1,"href":"https:\/\/www.pharmemin.com\/index.php\/wp-json\/wp\/v2\/pages\/159\/revisions"}],"predecessor-version":[{"id":160,"href":"https:\/\/www.pharmemin.com\/index.php\/wp-json\/wp\/v2\/pages\/159\/revisions\/160"}],"wp:attachment":[{"href":"https:\/\/www.pharmemin.com\/index.php\/wp-json\/wp\/v2\/media?parent=159"}],"curies":[{"name":"wp","href":"https:\/\/api.w.org\/{rel}","templated":true}]}}