{"id":162,"date":"2026-03-10T18:47:43","date_gmt":"2026-03-10T18:47:43","guid":{"rendered":"https:\/\/www.pharmemin.com\/?page_id=162"},"modified":"2026-03-10T18:47:46","modified_gmt":"2026-03-10T18:47:46","slug":"mehtyl","status":"publish","type":"page","link":"https:\/\/www.pharmemin.com\/index.php\/mehtyl\/","title":{"rendered":"MEHTYL"},"content":{"rendered":"\n\n\n<p>Beyin sa\u011fl\u0131\u011f\u0131n\u0131, haf\u0131zay\u0131 ve odaklanmay\u0131 desteklemek i\u00e7in geli\u015ftirilen g\u00fc\u00e7l\u00fc form\u00fcl: Aktif B Vitaminleri ve Betain i\u00e7eren Methyl Kompleksi<\/p>\n\n\n\n<p>Zihinsel berrakl\u0131\u011f\u0131n\u0131 korumaya yard\u0131mc\u0131 olurken metilasyon s\u00fcrecini destekler, B vitamini eksikliklerine kar\u015f\u0131 v\u00fccudu g\u00fc\u00e7lendirir.<br>\ud83c\udf31 Metilkobalamin (Aktif B12) ile sinir sistemi ve enerji metabolizmas\u0131na destek<br>\ud83c\udf31 Quatrefolic (Aktif Folat) ile DNA sentezi ve homosistein dengesine katk\u0131<br>\ud83c\udf31 Riboflavin 5\u2019-fosfat &amp; Piridoksal 5\u2019-fosfat sayesinde y\u00fcksek emilimli B vitaminleri<br>\ud83c\udf31 Trimetilglisin (Betain) ile metilasyon s\u00fcreci ve karaci\u011fer fonksiyonlar\u0131na destek<\/p>\n\n\n\n<p>\ud83d\udc8a30 Kaps\u00fcl<\/p>\n\n\n\n<p>FDA \u2013 GMP \u2013 HACCP Standartlar\u0131nda \u00dcretim<\/p>\n\n\n\n<p>Zihnini destekle, g\u00fcn boyu daha berrak ve odakl\u0131 hisset.<\/p>\n","protected":false},"excerpt":{"rendered":"<p>Beyin sa\u011fl\u0131\u011f\u0131n\u0131, haf\u0131zay\u0131 ve odaklanmay\u0131 desteklemek i\u00e7in geli\u015ftirilen g\u00fc\u00e7l\u00fc form\u00fcl: Aktif B Vitaminleri ve Betain i\u00e7eren Methyl Kompleksi Zihinsel berrakl\u0131\u011f\u0131n\u0131 korumaya yard\u0131mc\u0131 olurken metilasyon s\u00fcrecini destekler, B vitamini eksikliklerine kar\u015f\u0131 v\u00fccudu g\u00fc\u00e7lendirir.\ud83c\udf31 Metilkobalamin (Aktif B12) ile sinir sistemi ve enerji metabolizmas\u0131na destek\ud83c\udf31 Quatrefolic (Aktif Folat) ile DNA sentezi ve homosistein dengesine katk\u0131\ud83c\udf31 Riboflavin 5\u2019-fosfat &amp; [&hellip;]<\/p>\n","protected":false},"author":1,"featured_media":0,"parent":0,"menu_order":0,"comment_status":"closed","ping_status":"closed","template":"","meta":{"saved_in_kubio":false,"footnotes":""},"class_list":["post-162","page","type-page","status-publish","hentry"],"kubio_ai_page_context":{"short_desc":"","purpose":"general"},"_links":{"self":[{"href":"https:\/\/www.pharmemin.com\/index.php\/wp-json\/wp\/v2\/pages\/162","targetHints":{"allow":["GET"]}}],"collection":[{"href":"https:\/\/www.pharmemin.com\/index.php\/wp-json\/wp\/v2\/pages"}],"about":[{"href":"https:\/\/www.pharmemin.com\/index.php\/wp-json\/wp\/v2\/types\/page"}],"author":[{"embeddable":true,"href":"https:\/\/www.pharmemin.com\/index.php\/wp-json\/wp\/v2\/users\/1"}],"replies":[{"embeddable":true,"href":"https:\/\/www.pharmemin.com\/index.php\/wp-json\/wp\/v2\/comments?post=162"}],"version-history":[{"count":1,"href":"https:\/\/www.pharmemin.com\/index.php\/wp-json\/wp\/v2\/pages\/162\/revisions"}],"predecessor-version":[{"id":163,"href":"https:\/\/www.pharmemin.com\/index.php\/wp-json\/wp\/v2\/pages\/162\/revisions\/163"}],"wp:attachment":[{"href":"https:\/\/www.pharmemin.com\/index.php\/wp-json\/wp\/v2\/media?parent=162"}],"curies":[{"name":"wp","href":"https:\/\/api.w.org\/{rel}","templated":true}]}}