{"id":165,"date":"2026-03-10T18:48:57","date_gmt":"2026-03-10T18:48:57","guid":{"rendered":"https:\/\/www.pharmemin.com\/?page_id=165"},"modified":"2026-03-10T18:48:59","modified_gmt":"2026-03-10T18:48:59","slug":"milk-thistle","status":"publish","type":"page","link":"https:\/\/www.pharmemin.com\/index.php\/milk-thistle\/","title":{"rendered":"MILK THISTLE"},"content":{"rendered":"\n\n\n<p>V\u00fccudun en \u00f6nemli ar\u0131nma merkezlerinden biri olan karaci\u011fer i\u00e7in \u00f6zel olarak geli\u015ftirilen g\u00fc\u00e7l\u00fc bitkisel form\u00fcl: Milk Thistle &amp; Artichoke MA3<\/p>\n\n\n\n<p>G\u00fcnl\u00fck ya\u015fam\u0131n yo\u011fun temposunda v\u00fccudunu destekle, karaci\u011ferinin do\u011fal fonksiyonlar\u0131n\u0131 korumaya yard\u0131mc\u0131 ol.<\/p>\n\n\n\n<p>\ud83c\udf31Enginar, Devedikeni ve Karahindiba bitkileriyle karaci\u011fer bak\u0131m\u0131na do\u011fal destek<br>\ud83c\udf31N-Asetil Karnitin ve Astaksantin ile h\u00fccresel korumaya katk\u0131<br>\ud83c\udf31Selenyum i\u00e7eri\u011fiyle g\u00fc\u00e7l\u00fc antioksidan destek<\/p>\n\n\n\n<p>\ud83d\udc8a60 Kaps\u00fcl<br>\u2705 FDA \u2013 GMP \u2013 HACCP Sertifikal\u0131<\/p>\n\n\n\n<p>\u0130\u00e7ten gelen dengeyi hisset, kendini daha hafif ve enerjik hisset.<\/p>\n","protected":false},"excerpt":{"rendered":"<p>V\u00fccudun en \u00f6nemli ar\u0131nma merkezlerinden biri olan karaci\u011fer i\u00e7in \u00f6zel olarak geli\u015ftirilen g\u00fc\u00e7l\u00fc bitkisel form\u00fcl: Milk Thistle &amp; Artichoke MA3 G\u00fcnl\u00fck ya\u015fam\u0131n yo\u011fun temposunda v\u00fccudunu destekle, karaci\u011ferinin do\u011fal fonksiyonlar\u0131n\u0131 korumaya yard\u0131mc\u0131 ol. \ud83c\udf31Enginar, Devedikeni ve Karahindiba bitkileriyle karaci\u011fer bak\u0131m\u0131na do\u011fal destek\ud83c\udf31N-Asetil Karnitin ve Astaksantin ile h\u00fccresel korumaya katk\u0131\ud83c\udf31Selenyum i\u00e7eri\u011fiyle g\u00fc\u00e7l\u00fc antioksidan destek \ud83d\udc8a60 Kaps\u00fcl\u2705 FDA [&hellip;]<\/p>\n","protected":false},"author":1,"featured_media":0,"parent":0,"menu_order":0,"comment_status":"closed","ping_status":"closed","template":"","meta":{"saved_in_kubio":false,"footnotes":""},"class_list":["post-165","page","type-page","status-publish","hentry"],"kubio_ai_page_context":{"short_desc":"","purpose":"general"},"_links":{"self":[{"href":"https:\/\/www.pharmemin.com\/index.php\/wp-json\/wp\/v2\/pages\/165","targetHints":{"allow":["GET"]}}],"collection":[{"href":"https:\/\/www.pharmemin.com\/index.php\/wp-json\/wp\/v2\/pages"}],"about":[{"href":"https:\/\/www.pharmemin.com\/index.php\/wp-json\/wp\/v2\/types\/page"}],"author":[{"embeddable":true,"href":"https:\/\/www.pharmemin.com\/index.php\/wp-json\/wp\/v2\/users\/1"}],"replies":[{"embeddable":true,"href":"https:\/\/www.pharmemin.com\/index.php\/wp-json\/wp\/v2\/comments?post=165"}],"version-history":[{"count":1,"href":"https:\/\/www.pharmemin.com\/index.php\/wp-json\/wp\/v2\/pages\/165\/revisions"}],"predecessor-version":[{"id":166,"href":"https:\/\/www.pharmemin.com\/index.php\/wp-json\/wp\/v2\/pages\/165\/revisions\/166"}],"wp:attachment":[{"href":"https:\/\/www.pharmemin.com\/index.php\/wp-json\/wp\/v2\/media?parent=165"}],"curies":[{"name":"wp","href":"https:\/\/api.w.org\/{rel}","templated":true}]}}