{"id":168,"date":"2026-03-10T18:49:54","date_gmt":"2026-03-10T18:49:54","guid":{"rendered":"https:\/\/www.pharmemin.com\/?page_id=168"},"modified":"2026-03-10T18:49:55","modified_gmt":"2026-03-10T18:49:55","slug":"reishi","status":"publish","type":"page","link":"https:\/\/www.pharmemin.com\/index.php\/reishi\/","title":{"rendered":"REISHI"},"content":{"rendered":"\n\n\n<p>Reishi, Shiitake ve Maitake mantarlar\u0131n\u0131n g\u00fc\u00e7l\u00fc birle\u015fimiyle geli\u015ftirilen yeni nesil mantar kompleksi, ba\u011f\u0131\u015f\u0131kl\u0131k sistemini desteklerken g\u00fcnl\u00fck yorgunlukla m\u00fccadele etmeye yard\u0131mc\u0131 olur.<\/p>\n\n\n\n<p>\ud83d\udc8a Reishi \u2013 Shiitake \u2013 Maitake Ekstresi<br>Do\u011fal i\u00e7eri\u011fi sayesinde v\u00fccudun savunma mekanizmas\u0131n\u0131 destekler ve h\u00fccresel korumaya katk\u0131 sa\u011flar.<\/p>\n\n\n\n<p>\ud83c\udf31 \u015eifal\u0131 mantar kompleksi ile ba\u011f\u0131\u015f\u0131kl\u0131k sistemine destek<br>\ud83c\udf31 Astaksantin ile g\u00fc\u00e7l\u00fc antioksidan etki<br>\ud83c\udf31 C Vitamini (Sodyum L-askorbat) ile v\u00fccut direncine katk\u0131<br>\ud83c\udf31 Bitkisel kaps\u00fcl formu \u2013 katk\u0131 maddesi i\u00e7ermez<\/p>\n\n\n\n<p>\ud83d\udc8a 60 Kaps\u00fcl<br>\u2705 FDA \u2013 GMP \u2013 HACCP Sertifikal\u0131<\/p>\n\n\n\n<p>G\u00fcnl\u00fck ya\u015fam\u0131n temposunda kendini daha g\u00fc\u00e7l\u00fc hisset.<\/p>\n","protected":false},"excerpt":{"rendered":"<p>Reishi, Shiitake ve Maitake mantarlar\u0131n\u0131n g\u00fc\u00e7l\u00fc birle\u015fimiyle geli\u015ftirilen yeni nesil mantar kompleksi, ba\u011f\u0131\u015f\u0131kl\u0131k sistemini desteklerken g\u00fcnl\u00fck yorgunlukla m\u00fccadele etmeye yard\u0131mc\u0131 olur. \ud83d\udc8a Reishi \u2013 Shiitake \u2013 Maitake EkstresiDo\u011fal i\u00e7eri\u011fi sayesinde v\u00fccudun savunma mekanizmas\u0131n\u0131 destekler ve h\u00fccresel korumaya katk\u0131 sa\u011flar. \ud83c\udf31 \u015eifal\u0131 mantar kompleksi ile ba\u011f\u0131\u015f\u0131kl\u0131k sistemine destek\ud83c\udf31 Astaksantin ile g\u00fc\u00e7l\u00fc antioksidan etki\ud83c\udf31 C Vitamini (Sodyum [&hellip;]<\/p>\n","protected":false},"author":1,"featured_media":0,"parent":0,"menu_order":0,"comment_status":"closed","ping_status":"closed","template":"","meta":{"saved_in_kubio":false,"footnotes":""},"class_list":["post-168","page","type-page","status-publish","hentry"],"kubio_ai_page_context":{"short_desc":"","purpose":"general"},"_links":{"self":[{"href":"https:\/\/www.pharmemin.com\/index.php\/wp-json\/wp\/v2\/pages\/168","targetHints":{"allow":["GET"]}}],"collection":[{"href":"https:\/\/www.pharmemin.com\/index.php\/wp-json\/wp\/v2\/pages"}],"about":[{"href":"https:\/\/www.pharmemin.com\/index.php\/wp-json\/wp\/v2\/types\/page"}],"author":[{"embeddable":true,"href":"https:\/\/www.pharmemin.com\/index.php\/wp-json\/wp\/v2\/users\/1"}],"replies":[{"embeddable":true,"href":"https:\/\/www.pharmemin.com\/index.php\/wp-json\/wp\/v2\/comments?post=168"}],"version-history":[{"count":1,"href":"https:\/\/www.pharmemin.com\/index.php\/wp-json\/wp\/v2\/pages\/168\/revisions"}],"predecessor-version":[{"id":169,"href":"https:\/\/www.pharmemin.com\/index.php\/wp-json\/wp\/v2\/pages\/168\/revisions\/169"}],"wp:attachment":[{"href":"https:\/\/www.pharmemin.com\/index.php\/wp-json\/wp\/v2\/media?parent=168"}],"curies":[{"name":"wp","href":"https:\/\/api.w.org\/{rel}","templated":true}]}}