{"id":171,"date":"2026-03-10T18:51:04","date_gmt":"2026-03-10T18:51:04","guid":{"rendered":"https:\/\/www.pharmemin.com\/?page_id=171"},"modified":"2026-03-10T18:51:05","modified_gmt":"2026-03-10T18:51:05","slug":"ginseng","status":"publish","type":"page","link":"https:\/\/www.pharmemin.com\/index.php\/ginseng\/","title":{"rendered":"GINSENG"},"content":{"rendered":"\n\n\n<p>G\u00fcnl\u00fck enerjini ve dayan\u0131kl\u0131l\u0131\u011f\u0131n\u0131 desteklemek i\u00e7in geli\u015ftirilen g\u00fc\u00e7l\u00fc bitkisel kombinasyon: Ginseng &amp; Tribulus Extract<\/p>\n\n\n\n<p>Zihinsel odaklanmay\u0131 art\u0131rmaya, g\u00fcn boyu enerjik hissetmeye ve fiziksel performans\u0131 desteklemeye yard\u0131mc\u0131 olur.<\/p>\n\n\n\n<p>\ud83c\udf31 Ginseng Ekstresi ile enerji ve zihinsel canl\u0131l\u0131k deste\u011fi<br>\ud83c\udf31 Tribulus Ekstresi ile dayan\u0131kl\u0131l\u0131k ve performans katk\u0131s\u0131<br>\ud83c\udf31 Yulaf Ekstresi ile do\u011fal denge ve zindelik<\/p>\n\n\n\n<p>\ud83c\udf31 G\u00fcn\u00fcn temposuna ayak uydurmak art\u0131k daha kolay.<br>Kendini daha g\u00fc\u00e7l\u00fc, daha odakl\u0131 ve daha enerjik hisset.<\/p>\n\n\n\n<p>\ud83d\udc8a 90 Kaps\u00fcl<\/p>\n\n\n\n<p>FDA \u2013 GMP \u2013 HACCP Sertifikal\u0131<\/p>\n","protected":false},"excerpt":{"rendered":"<p>G\u00fcnl\u00fck enerjini ve dayan\u0131kl\u0131l\u0131\u011f\u0131n\u0131 desteklemek i\u00e7in geli\u015ftirilen g\u00fc\u00e7l\u00fc bitkisel kombinasyon: Ginseng &amp; Tribulus Extract Zihinsel odaklanmay\u0131 art\u0131rmaya, g\u00fcn boyu enerjik hissetmeye ve fiziksel performans\u0131 desteklemeye yard\u0131mc\u0131 olur. \ud83c\udf31 Ginseng Ekstresi ile enerji ve zihinsel canl\u0131l\u0131k deste\u011fi\ud83c\udf31 Tribulus Ekstresi ile dayan\u0131kl\u0131l\u0131k ve performans katk\u0131s\u0131\ud83c\udf31 Yulaf Ekstresi ile do\u011fal denge ve zindelik \ud83c\udf31 G\u00fcn\u00fcn temposuna ayak uydurmak [&hellip;]<\/p>\n","protected":false},"author":1,"featured_media":0,"parent":0,"menu_order":0,"comment_status":"closed","ping_status":"closed","template":"","meta":{"saved_in_kubio":false,"footnotes":""},"class_list":["post-171","page","type-page","status-publish","hentry"],"kubio_ai_page_context":{"short_desc":"","purpose":"general"},"_links":{"self":[{"href":"https:\/\/www.pharmemin.com\/index.php\/wp-json\/wp\/v2\/pages\/171","targetHints":{"allow":["GET"]}}],"collection":[{"href":"https:\/\/www.pharmemin.com\/index.php\/wp-json\/wp\/v2\/pages"}],"about":[{"href":"https:\/\/www.pharmemin.com\/index.php\/wp-json\/wp\/v2\/types\/page"}],"author":[{"embeddable":true,"href":"https:\/\/www.pharmemin.com\/index.php\/wp-json\/wp\/v2\/users\/1"}],"replies":[{"embeddable":true,"href":"https:\/\/www.pharmemin.com\/index.php\/wp-json\/wp\/v2\/comments?post=171"}],"version-history":[{"count":1,"href":"https:\/\/www.pharmemin.com\/index.php\/wp-json\/wp\/v2\/pages\/171\/revisions"}],"predecessor-version":[{"id":172,"href":"https:\/\/www.pharmemin.com\/index.php\/wp-json\/wp\/v2\/pages\/171\/revisions\/172"}],"wp:attachment":[{"href":"https:\/\/www.pharmemin.com\/index.php\/wp-json\/wp\/v2\/media?parent=171"}],"curies":[{"name":"wp","href":"https:\/\/api.w.org\/{rel}","templated":true}]}}