{"id":179,"date":"2026-03-19T17:46:52","date_gmt":"2026-03-19T17:46:52","guid":{"rendered":"https:\/\/www.pharmemin.com\/?page_id=179"},"modified":"2026-03-19T17:48:01","modified_gmt":"2026-03-19T17:48:01","slug":"tamamlayici-tedavi-fitoterapi","status":"publish","type":"page","link":"https:\/\/www.pharmemin.com\/index.php\/tamamlayici-tedavi-fitoterapi\/","title":{"rendered":"Tamamlay\u0131c\u0131 Tedavi: Fitoterapi"},"content":{"rendered":"\n<p><strong>Fitoterapi k\u0131saca \u201chastal\u0131klar\u0131n t\u0131bbi bitkilerle tedavi edilmesi\u201d bilimidir.<\/strong><br><strong>Fitoterapi sadece hastal\u0131klar\u0131n tedavisinde de\u011fil, kemoterapi gibi uygulamalar\u0131n yan etkilerinin minimize edilmesinde de etkilidir.<\/strong><br><strong>Fitoterapi ile ilgilenen uzmanlar, klinikler, hastaneler, laboratuvarlar hemen her bitki \u00fczerine \u00e7al\u0131\u015fmalar yapmaktad\u0131r.<\/strong><br><strong>Bunlar aras\u0131nda \u00f6zellikle sar\u0131msak, ginkgo biloba, ginseng, sar\u0131 kantaron ve reishi mantar\u0131 g\u0131da takviyelerinde b\u00fcy\u00fck paya sahiptir.<\/strong><br><strong>\u201cBitkisel tedavi\u201d \u201conkolojik ve cerrahi y\u00f6ntemlere kar\u015f\u0131 olmak\u201d demek de\u011fildir.<\/strong><br><strong>Bug\u00fcn t\u0131bbi bitkileri kullanmak modern t\u0131bb\u0131n da bir par\u00e7as\u0131 haline gelmi\u015ftir.<\/strong><br><strong>Uzakdo\u011fu\u2019da da bat\u0131 \u00fclkelerinde de t\u0131bbi bitkiler hastal\u0131klar\u0131n tedavilerinde aktif olarak kullan\u0131lmaktad\u0131r.<\/strong><br><strong>Bug\u00fcn hastalar\u0131n yakla\u015f\u0131k % 70\u2019i doktorlar\u0131na bitkisel tedaviyi dan\u0131\u015f\u0131yor, bir\u00e7ok \u00fclkede doktorlar re\u00e7ete ile bitkisel takviyeler \u00f6neriyor.<\/strong><br><strong>\u00d6rne\u011fin Almanya\u2019da doktorlar\u0131n yazd\u0131\u011f\u0131 re\u00e7etelerin % 65\u2019i Fitoterapi \u00fcr\u00fcnlerinden olu\u015fuyor.<\/strong><br><strong>T\u00fcrkiye\u2019de ise bu oran hen\u00fcz istenilen seviyede de\u011fildir.<\/strong><br><\/p>\n\n\n\n<h2 class=\"wp-block-heading\"><strong>Sa\u011fl\u0131k Bakanl\u0131\u011f\u0131 2011&#8217;de Fitoterapi\u2019yi resmi olarak kabul etmi\u015ftir<br><\/strong><\/h2>\n\n\n\n<p><strong>Sa\u011fl\u0131k Bakanl\u0131\u011f\u0131&#8217;na ba\u011fl\u0131 Geleneksel ve Tamamlay\u0131c\u0131 T\u0131p Uygulamalar\u0131 Daire Ba\u015fkanl\u0131\u011f\u0131 \u00e7al\u0131\u015fmalar\u0131 takip etmektedir.<\/strong><br><strong>T\u0131bbi bitkiler bir\u00e7ok hastal\u0131\u011f\u0131n tedavisinde ba\u015far\u0131l\u0131 sonu\u00e7lar vermektedir ancak bu bitkileri rastgele kullanmak do\u011fru de\u011fildir.<\/strong><br><strong>Nas\u0131l bir antibiyotik kom\u015fu-arkada\u015f tavsiyesi ile kullan\u0131lam\u0131yorsa bitkisel g\u0131da takviyeleri de \u00f6yledir.<\/strong><br><strong>Kesinlikle bir uzman\u0131n tavsiyeleri al\u0131nmal\u0131.<\/strong><br><strong>Bug\u00fcn modern teknik imkanlar kullan\u0131larak ekstrakt denilen bitki \u00f6zleri kullan\u0131lmaktad\u0131r.<\/strong><br><strong>Bunlar\u0131n laboratuvar analizleri yap\u0131ld\u0131\u011f\u0131 i\u00e7in hangi bitkinin istenilen etkilere sahip oldu\u011fu da analiz edilebilmektedir.<\/strong><br><strong>\u00d6rne\u011fin nane bitkisinin \u00f6z\u00fcn\u00fc kullanacaksan\u0131z, rastgele nane toplay\u0131p bunun \u00f6z\u00fcn\u00fc \u00e7\u0131karmak \u015feklinde olmaz.<\/strong><br><strong>Bunun laboratuvar ortam\u0131nda analizlerden ge\u00e7irilerek haz\u0131rlanmas\u0131 gerekir.<\/strong><br><strong>T\u0131bbi bitkileri ekstrakt hale getirmek, verilmesi gereken etken maddeyi standardize etmek demektir.<\/strong><\/p>\n","protected":false},"excerpt":{"rendered":"<p>Fitoterapi k\u0131saca \u201chastal\u0131klar\u0131n t\u0131bbi bitkilerle tedavi edilmesi\u201d bilimidir.Fitoterapi sadece hastal\u0131klar\u0131n tedavisinde de\u011fil, kemoterapi gibi uygulamalar\u0131n yan etkilerinin minimize edilmesinde de etkilidir.Fitoterapi ile ilgilenen uzmanlar, klinikler, hastaneler, laboratuvarlar hemen her bitki \u00fczerine \u00e7al\u0131\u015fmalar yapmaktad\u0131r.Bunlar aras\u0131nda \u00f6zellikle sar\u0131msak, ginkgo biloba, ginseng, sar\u0131 kantaron ve reishi mantar\u0131 g\u0131da takviyelerinde b\u00fcy\u00fck paya sahiptir.\u201cBitkisel tedavi\u201d \u201conkolojik ve cerrahi y\u00f6ntemlere kar\u015f\u0131 [&hellip;]<\/p>\n","protected":false},"author":1,"featured_media":0,"parent":0,"menu_order":0,"comment_status":"closed","ping_status":"closed","template":"","meta":{"saved_in_kubio":false,"footnotes":""},"class_list":["post-179","page","type-page","status-publish","hentry"],"kubio_ai_page_context":{"short_desc":"","purpose":"general"},"_links":{"self":[{"href":"https:\/\/www.pharmemin.com\/index.php\/wp-json\/wp\/v2\/pages\/179","targetHints":{"allow":["GET"]}}],"collection":[{"href":"https:\/\/www.pharmemin.com\/index.php\/wp-json\/wp\/v2\/pages"}],"about":[{"href":"https:\/\/www.pharmemin.com\/index.php\/wp-json\/wp\/v2\/types\/page"}],"author":[{"embeddable":true,"href":"https:\/\/www.pharmemin.com\/index.php\/wp-json\/wp\/v2\/users\/1"}],"replies":[{"embeddable":true,"href":"https:\/\/www.pharmemin.com\/index.php\/wp-json\/wp\/v2\/comments?post=179"}],"version-history":[{"count":3,"href":"https:\/\/www.pharmemin.com\/index.php\/wp-json\/wp\/v2\/pages\/179\/revisions"}],"predecessor-version":[{"id":182,"href":"https:\/\/www.pharmemin.com\/index.php\/wp-json\/wp\/v2\/pages\/179\/revisions\/182"}],"wp:attachment":[{"href":"https:\/\/www.pharmemin.com\/index.php\/wp-json\/wp\/v2\/media?parent=179"}],"curies":[{"name":"wp","href":"https:\/\/api.w.org\/{rel}","templated":true}]}}