{"id":2,"date":"2026-03-09T20:22:46","date_gmt":"2026-03-09T20:22:46","guid":{"rendered":"http:\/\/www.pharmemin.com\/?page_id=2"},"modified":"2026-03-10T18:30:21","modified_gmt":"2026-03-10T18:30:21","slug":"a81","status":"publish","type":"page","link":"https:\/\/www.pharmemin.com\/index.php\/a81\/","title":{"rendered":"A81"},"content":{"rendered":"\n\n\n<p>G\u00fc\u00e7l\u00fc antioksidanlar ve bitkisel \u00f6zlerle zenginle\u015ftirilen \u00f6zel form\u00fcl, v\u00fccudun do\u011fal savunma sistemini desteklemek i\u00e7in geli\u015ftirildi. \u00dcz\u00fcm \u00e7ekirde\u011fi, zeytin yapra\u011f\u0131, brokoli, nar kabu\u011fu ve propolisin bir araya geldi\u011fi bu kompleks i\u00e7erik, h\u00fccresel korumaya ve ba\u011f\u0131\u015f\u0131kl\u0131k dengesine katk\u0131 sa\u011flar.<\/p>\n\n\n\n<p>\ud83c\udf47 \u00dcz\u00fcm \u00c7ekirde\u011fi Ekstresi ile y\u00fcksek antioksidan deste\u011fi<br>\ud83d\udc1d Propolis ile do\u011fal ba\u011f\u0131\u015f\u0131kl\u0131k katk\u0131s\u0131<br>\ud83c\udf3f Zeytin Yapra\u011f\u0131 &amp; Brokoli Ekstresi ile zengin fitobesin i\u00e7eri\u011fi<br>\ud83c\udf31 Nar Kabu\u011fu Ekstresi ile g\u00fc\u00e7l\u00fc polifenol deste\u011fi<br>\ud83d\udee1\ufe0f Beta Glukan ile v\u00fccudun savunma mekanizmas\u0131n\u0131 destekler<\/p>\n\n\n\n<p>G\u00fcnl\u00fck ya\u015fam\u0131n temposunda v\u00fccudunu korumaya yard\u0131mc\u0131 g\u00fc\u00e7l\u00fc bir bitkisel destek.<\/p>\n\n\n\n<blockquote class=\"wp-block-quote is-layout-flow wp-block-quote-is-layout-flow\"><\/blockquote>\n","protected":false},"excerpt":{"rendered":"<p>G\u00fc\u00e7l\u00fc antioksidanlar ve bitkisel \u00f6zlerle zenginle\u015ftirilen \u00f6zel form\u00fcl, v\u00fccudun do\u011fal savunma sistemini desteklemek i\u00e7in geli\u015ftirildi. \u00dcz\u00fcm \u00e7ekirde\u011fi, zeytin yapra\u011f\u0131, brokoli, nar kabu\u011fu ve propolisin bir araya geldi\u011fi bu kompleks i\u00e7erik, h\u00fccresel korumaya ve ba\u011f\u0131\u015f\u0131kl\u0131k dengesine katk\u0131 sa\u011flar. \ud83c\udf47 \u00dcz\u00fcm \u00c7ekirde\u011fi Ekstresi ile y\u00fcksek antioksidan deste\u011fi\ud83d\udc1d Propolis ile do\u011fal ba\u011f\u0131\u015f\u0131kl\u0131k katk\u0131s\u0131\ud83c\udf3f Zeytin Yapra\u011f\u0131 &amp; Brokoli Ekstresi [&hellip;]<\/p>\n","protected":false},"author":1,"featured_media":125,"parent":0,"menu_order":0,"comment_status":"closed","ping_status":"open","template":"","meta":{"saved_in_kubio":false,"footnotes":""},"class_list":["post-2","page","type-page","status-publish","has-post-thumbnail","hentry"],"kubio_ai_page_context":{"short_desc":"","purpose":"general"},"_links":{"self":[{"href":"https:\/\/www.pharmemin.com\/index.php\/wp-json\/wp\/v2\/pages\/2","targetHints":{"allow":["GET"]}}],"collection":[{"href":"https:\/\/www.pharmemin.com\/index.php\/wp-json\/wp\/v2\/pages"}],"about":[{"href":"https:\/\/www.pharmemin.com\/index.php\/wp-json\/wp\/v2\/types\/page"}],"author":[{"embeddable":true,"href":"https:\/\/www.pharmemin.com\/index.php\/wp-json\/wp\/v2\/users\/1"}],"replies":[{"embeddable":true,"href":"https:\/\/www.pharmemin.com\/index.php\/wp-json\/wp\/v2\/comments?post=2"}],"version-history":[{"count":2,"href":"https:\/\/www.pharmemin.com\/index.php\/wp-json\/wp\/v2\/pages\/2\/revisions"}],"predecessor-version":[{"id":137,"href":"https:\/\/www.pharmemin.com\/index.php\/wp-json\/wp\/v2\/pages\/2\/revisions\/137"}],"wp:featuredmedia":[{"embeddable":true,"href":"https:\/\/www.pharmemin.com\/index.php\/wp-json\/wp\/v2\/media\/125"}],"wp:attachment":[{"href":"https:\/\/www.pharmemin.com\/index.php\/wp-json\/wp\/v2\/media?parent=2"}],"curies":[{"name":"wp","href":"https:\/\/api.w.org\/{rel}","templated":true}]}}